{"id":6369,"date":"2023-04-04T17:38:54","date_gmt":"2023-04-04T15:38:54","guid":{"rendered":"https:\/\/lm23.acantic.net\/politique-de-confidentialite\/"},"modified":"2023-05-19T14:36:33","modified_gmt":"2023-05-19T12:36:33","slug":"privacy-policy","status":"publish","type":"page","link":"https:\/\/www.lemounier.fr\/en\/privacy-policy\/","title":{"rendered":"Privacy Policy"},"content":{"rendered":"\n<div class=\"wp-block-columns is-layout-flex wp-container-core-columns-is-layout-9d6595d7 wp-block-columns-is-layout-flex\">\n<div class=\"wp-block-column is-layout-flow wp-block-column-is-layout-flow\" style=\"flex-basis:20%\"><\/div>\n\n\n\n<div class=\"wp-block-column is-layout-flow wp-block-column-is-layout-flow\" style=\"flex-basis:60%\">\n<p>Jean-Luc Le Mounier affirme son attachement au respect des lois et r\u00e8glements applicables en mati\u00e8re de protection des donn\u00e9es, et s\u2019engage \u00e0 pr\u00e9server leur s\u00e9curit\u00e9, leur confidentialit\u00e9 et leur int\u00e9grit\u00e9.<\/p>\n\n\n\n<p>La pr\u00e9sente politique de confidentialit\u00e9 a pour objectif de d\u00e9finir les principes et lignes directrices, mis en \u0153uvre par Jean-Luc Le Mounier en mati\u00e8re de protection des donn\u00e9es \u00e0 caract\u00e8re personnel des utilisateurs du pr\u00e9sent site internet.&nbsp;<\/p>\n\n\n\n<h3 class=\"wp-block-heading\"><strong>Les champs d\u2019application et exclusion<\/strong><\/h3>\n\n\n\n<p>La pr\u00e9sente politique de confidentialit\u00e9 s\u2019applique \u00e0 l\u2019ensemble des traitements de donn\u00e9es \u00e0 caract\u00e8re personnel effectu\u00e9s par Jean-Luc Le Mounier \u00e0 partir du pr\u00e9sent site internet.<\/p>\n\n\n\n<p>La pr\u00e9sente politique de confidentialit\u00e9 ne s\u2019applique pas aux traitements r\u00e9alis\u00e9s sur des sites internet ou applications de tiers pour lesquels Jean-Luc Le Mounier n\u2019est pas responsable et ceci m\u00eame si les dits sites sont mentionn\u00e9s sur le pr\u00e9sent site.&nbsp;<\/p>\n\n\n\n<h3 class=\"wp-block-heading\"><strong>Les donn\u00e9es collect\u00e9es<\/strong><\/h3>\n\n\n\n<p><strong>Les donn\u00e9es collect\u00e9es via le formulaire de contact<\/strong><\/p>\n\n\n\n<p>Les informations recueillies \u00e0 partir du formulaire de contact sont transmises directement \u00e0 Jean-Luc Le Mounier.<\/p>\n\n\n\n<p>Ce traitement de donn\u00e9es repose sur le consentement de la personne ayant renseign\u00e9 le formulaire de contact. Les champs marqu\u00e9s par un ast\u00e9risque sont obligatoires pour la bonne prise en compte du message envoy\u00e9 par le formulaire. Les informations recueillies sont conserv\u00e9es par Jean-Luc Le Mounier, le temps n\u00e9cessaire \u00e0 leur traitement.<\/p>\n\n\n\n<h3 class=\"wp-block-heading\"><strong>La gestion des cookies<\/strong><\/h3>\n\n\n\n<p>Nous expliquons ce que sont les cookies et comment nous les utilisons.<br>Vous pouvez ajuster vos pr\u00e9f\u00e9rences et d\u00e9sactiver les cookies non essentiels.<\/p>\n\n\n\n<p><strong>Le r\u00f4le des cookies<br><\/strong>Les cookies sont de petits fichiers textes utilis\u00e9s pour stocker temporairement de l\u2019information.<\/p>\n\n\n\n<p>Ils sont stock\u00e9s sur votre ordinateur ou t\u00e9l\u00e9phone au moment du chargement du site. Ils nous aident \u00e0 assurer le fonctionnement correct du site et sa s\u00e9curit\u00e9, am\u00e9liorer l\u2019exp\u00e9rience utilisateur et mesurer les performances pour comprendre ce qui fonctionne ou doit \u00eatre am\u00e9lior\u00e9.<\/p>\n\n\n\n<p><strong>Notre utilisation des cookies<br><\/strong>Comme la majorit\u00e9 des services sur internet, notre site utilise des cookies li\u00e9s \u00e0 wordpress et \u00e0 des services tiers.<\/p>\n\n\n\n<p>Les cookies de wordpress assurent le fonctionnement du site et ne collectent pas de donn\u00e9es personnelles.<\/p>\n\n\n\n<p>Les cookies tiers sont majoritairement destin\u00e9s \u00e0 mesurer la performance et les interactions, g\u00e9rer la publicit\u00e9 en fonction de votre profil et am\u00e9liorer l\u2019exp\u00e9rience utilisateur.<\/p>\n\n\n\n<h3 class=\"wp-block-heading\"><strong>Les types de cookies utilis\u00e9s<\/strong><strong><\/strong><\/h3>\n\n\n\n<p><strong>Essentiels<\/strong><strong>&nbsp;:<\/strong> certains cookies sont essentiels pour que vous puissiez profiter de toutes les fonctionnalit\u00e9s de notre site. Ils g\u00e8rent les sessions utilisateurs et pr\u00e9viennent les menaces de s\u00e9curit\u00e9. Ils ne collectent aucune information personnelle. Par exemple, ils vous permettent d\u2019ajouter des produits \u00e0 votre panier et de commander en toute s\u00e9curit\u00e9.<\/p>\n\n\n\n<p><strong>Statistiques<\/strong><strong>&nbsp;:<\/strong> ils enregistrent le nombre de visiteurs du site, les pages visit\u00e9es, la source de la visite\u2026 ces donn\u00e9es nous aident \u00e0 comprendre o\u00f9 le site doit \u00eatre am\u00e9lior\u00e9.<\/p>\n\n\n\n<p><strong>Fonctionnels<\/strong><strong>&nbsp;:<\/strong> ils am\u00e9liorent certaines fonctionnalit\u00e9s non essentielles comme l\u2019int\u00e9gration de contenu vid\u00e9o ou le partage sur les plateformes de m\u00e9dias sociaux.<\/p>\n\n\n\n<p><strong>Pr\u00e9f\u00e9rences<\/strong><strong>&nbsp;:<\/strong> ils stockent vos param\u00e8tres et vos pr\u00e9f\u00e9rences de navigation comme les pr\u00e9f\u00e9rences linguistiques.<\/p>\n\n\n\n<p><strong>G\u00e9rer les cookies<br><\/strong>Les navigateurs proposent diff\u00e9rentes m\u00e9thodes pour bloquer et supprimer les cookies utilis\u00e9s par les sites web. Vous pouvez modifier les param\u00e8tres de votre navigateur pour bloquer ou supprimer les cookies. Pour en savoir plus sur la gestion et la suppression des cookies, visitez le site de la&nbsp;<a href=\"https:\/\/www.cnil.fr\/fr\/cookies-les-outils-pour-les-maitriser\" target=\"_blank\" rel=\"noreferrer noopener\">cnil pour d\u00e9couvrir le processus<\/a>.<\/p>\n\n\n\n<h3 class=\"wp-block-heading\"><strong>Droits des personnes<\/strong><\/h3>\n\n\n\n<p>Conform\u00e9ment \u00e0 la r\u00e9glementation, toute personne b\u00e9n\u00e9ficie d\u2019un droit d\u2019acc\u00e8s, de rectification, d\u2019effacement, de portabilit\u00e9, de limitation et d\u2019opposition s\u2019agissant des donn\u00e9es personnelles qui la concernent. Le cas \u00e9ch\u00e9ant, la personne concern\u00e9e peut \u00e9galement retirer \u00e0 tout moment son consentement au traitement de ses donn\u00e9es. Pour plus d\u2019informations sur ces droits, consultez le site internet&nbsp;<a href=\"http:\/\/www.cnil.fr\/\" target=\"_blank\" rel=\"noreferrer noopener\">www.cnil.fr<\/a>.<\/p>\n\n\n\n<p>Pour exercer ces droits ou pour toute question sur un traitement de donn\u00e9es personnelles, contactez Jean-Luc Le Mounier par courriel (contact@lemounier.fr) ou par voie postale (Jean-Luc Le Mounier &#8211; Parc d\u2019Activit\u00e9 La Grignardais &#8211; 22490 Pleslin-Trigavou). Si vous estimez, apr\u00e8s nous avoir contact\u00e9s, que vos droits sur vos donn\u00e9es ne sont pas respect\u00e9s, vous pouvez adresser une r\u00e9clamation (plainte) \u00e0 la CNIL.<\/p>\n\n\n\n<h3 class=\"wp-block-heading\"><strong>Mise \u00e0 jour de la politique de confidentialit\u00e9 et cookies<\/strong> <\/h3>\n\n\n\n<p>La pr\u00e9sente Politique de confidentialit\u00e9 peut \u00eatre mise \u00e0 jour, \u00e0 tout moment, en fonction des besoins de Jean-Luc Le Mounier ou si la loi l\u2019exige.<\/p>\n<\/div>\n\n\n\n<div class=\"wp-block-column is-layout-flow wp-block-column-is-layout-flow\" style=\"flex-basis:20%\"><\/div>\n<\/div>\n","protected":false},"excerpt":{"rendered":"<p>Jean-Luc Le Mounier affirme son attachement au respect des lois et r\u00e8glements applicables en mati\u00e8re de protection des donn\u00e9es, et s\u2019engage \u00e0 pr\u00e9server leur s\u00e9curit\u00e9, leur confidentialit\u00e9 et leur int\u00e9grit\u00e9. La pr\u00e9sente politique de confidentialit\u00e9 a pour objectif de d\u00e9finir les principes et lignes directrices, [&hellip;]<\/p>\n","protected":false},"author":1,"featured_media":0,"parent":0,"menu_order":0,"comment_status":"closed","ping_status":"closed","template":"","meta":{"inline_featured_image":false,"footnotes":"","_links_to":"","_links_to_target":""},"class_list":["post-6369","page","type-page","status-publish","hentry"],"yoast_head":"<!-- This site is optimized with the Yoast SEO plugin v27.4 - https:\/\/yoast.com\/product\/yoast-seo-wordpress\/ -->\n<title>Privacy Policy - Jean-Luc Le Mounier<\/title>\n<meta name=\"robots\" content=\"index, follow, max-snippet:-1, max-image-preview:large, max-video-preview:-1\" \/>\n<link rel=\"canonical\" href=\"https:\/\/www.lemounier.fr\/en\/privacy-policy\/\" \/>\n<meta property=\"og:locale\" content=\"en_US\" \/>\n<meta property=\"og:type\" content=\"article\" \/>\n<meta property=\"og:title\" content=\"Privacy Policy - Jean-Luc Le Mounier\" \/>\n<meta property=\"og:description\" content=\"Jean-Luc Le Mounier affirme son attachement au respect des lois et r\u00e8glements applicables en mati\u00e8re de protection des donn\u00e9es, et s\u2019engage \u00e0 pr\u00e9server leur s\u00e9curit\u00e9, leur confidentialit\u00e9 et leur int\u00e9grit\u00e9. La pr\u00e9sente politique de confidentialit\u00e9 a pour objectif de d\u00e9finir les principes et lignes directrices, [&hellip;]\" \/>\n<meta property=\"og:url\" content=\"https:\/\/www.lemounier.fr\/en\/privacy-policy\/\" \/>\n<meta property=\"og:site_name\" content=\"Jean-Luc Le Mounier\" \/>\n<meta property=\"article:publisher\" content=\"https:\/\/www.facebook.com\/profile.php?id=100001849782972\" \/>\n<meta property=\"article:modified_time\" content=\"2023-05-19T12:36:33+00:00\" \/>\n<meta property=\"og:image\" content=\"https:\/\/www.lemounier.fr\/wp-content\/uploads\/2016\/07\/jean-luc-le-mounier-slider-04.jpg\" \/>\n\t<meta property=\"og:image:width\" content=\"1760\" \/>\n\t<meta property=\"og:image:height\" content=\"750\" \/>\n\t<meta property=\"og:image:type\" content=\"image\/jpeg\" \/>\n<meta name=\"twitter:card\" content=\"summary_large_image\" \/>\n<meta name=\"twitter:label1\" content=\"Est. reading time\" \/>\n\t<meta name=\"twitter:data1\" content=\"4 minutes\" \/>\n<script type=\"application\/ld+json\" class=\"yoast-schema-graph\">{\"@context\":\"https:\\\/\\\/schema.org\",\"@graph\":[{\"@type\":\"WebPage\",\"@id\":\"https:\\\/\\\/www.lemounier.fr\\\/en\\\/privacy-policy\\\/\",\"url\":\"https:\\\/\\\/www.lemounier.fr\\\/en\\\/privacy-policy\\\/\",\"name\":\"Privacy Policy - Jean-Luc Le Mounier\",\"isPartOf\":{\"@id\":\"https:\\\/\\\/www.lemounier.fr\\\/en\\\/#website\"},\"datePublished\":\"2023-04-04T15:38:54+00:00\",\"dateModified\":\"2023-05-19T12:36:33+00:00\",\"breadcrumb\":{\"@id\":\"https:\\\/\\\/www.lemounier.fr\\\/en\\\/privacy-policy\\\/#breadcrumb\"},\"inLanguage\":\"en-US\",\"potentialAction\":[{\"@type\":\"ReadAction\",\"target\":[\"https:\\\/\\\/www.lemounier.fr\\\/en\\\/privacy-policy\\\/\"]}]},{\"@type\":\"BreadcrumbList\",\"@id\":\"https:\\\/\\\/www.lemounier.fr\\\/en\\\/privacy-policy\\\/#breadcrumb\",\"itemListElement\":[{\"@type\":\"ListItem\",\"position\":1,\"name\":\"Home\",\"item\":\"https:\\\/\\\/www.lemounier.fr\\\/en\\\/\"},{\"@type\":\"ListItem\",\"position\":2,\"name\":\"Privacy Policy\"}]},{\"@type\":\"WebSite\",\"@id\":\"https:\\\/\\\/www.lemounier.fr\\\/en\\\/#website\",\"url\":\"https:\\\/\\\/www.lemounier.fr\\\/en\\\/\",\"name\":\"Jean-Luc Le Mounier\",\"description\":\"Jean-Luc Le Mounier : cr\u00e9ateur de mobilier contemporain.\",\"publisher\":{\"@id\":\"https:\\\/\\\/www.lemounier.fr\\\/en\\\/#organization\"},\"potentialAction\":[{\"@type\":\"SearchAction\",\"target\":{\"@type\":\"EntryPoint\",\"urlTemplate\":\"https:\\\/\\\/www.lemounier.fr\\\/en\\\/?s={search_term_string}\"},\"query-input\":{\"@type\":\"PropertyValueSpecification\",\"valueRequired\":true,\"valueName\":\"search_term_string\"}}],\"inLanguage\":\"en-US\"},{\"@type\":\"Organization\",\"@id\":\"https:\\\/\\\/www.lemounier.fr\\\/en\\\/#organization\",\"name\":\"Jean-Luc Le Mounier\",\"url\":\"https:\\\/\\\/www.lemounier.fr\\\/en\\\/\",\"logo\":{\"@type\":\"ImageObject\",\"inLanguage\":\"en-US\",\"@id\":\"https:\\\/\\\/www.lemounier.fr\\\/en\\\/#\\\/schema\\\/logo\\\/image\\\/\",\"url\":\"https:\\\/\\\/www.lemounier.fr\\\/wp-content\\\/uploads\\\/2023\\\/03\\\/logo-jl-le-mounier.svg\",\"contentUrl\":\"https:\\\/\\\/www.lemounier.fr\\\/wp-content\\\/uploads\\\/2023\\\/03\\\/logo-jl-le-mounier.svg\",\"width\":138,\"height\":50,\"caption\":\"Jean-Luc Le Mounier\"},\"image\":{\"@id\":\"https:\\\/\\\/www.lemounier.fr\\\/en\\\/#\\\/schema\\\/logo\\\/image\\\/\"},\"sameAs\":[\"https:\\\/\\\/www.facebook.com\\\/profile.php?id=100001849782972\",\"https:\\\/\\\/www.instagram.com\\\/jean_luc_le_mounier\\\/\"]}]}<\/script>\n<!-- \/ Yoast SEO plugin. -->","yoast_head_json":{"title":"Privacy Policy - Jean-Luc Le Mounier","robots":{"index":"index","follow":"follow","max-snippet":"max-snippet:-1","max-image-preview":"max-image-preview:large","max-video-preview":"max-video-preview:-1"},"canonical":"https:\/\/www.lemounier.fr\/en\/privacy-policy\/","og_locale":"en_US","og_type":"article","og_title":"Privacy Policy - Jean-Luc Le Mounier","og_description":"Jean-Luc Le Mounier affirme son attachement au respect des lois et r\u00e8glements applicables en mati\u00e8re de protection des donn\u00e9es, et s\u2019engage \u00e0 pr\u00e9server leur s\u00e9curit\u00e9, leur confidentialit\u00e9 et leur int\u00e9grit\u00e9. La pr\u00e9sente politique de confidentialit\u00e9 a pour objectif de d\u00e9finir les principes et lignes directrices, [&hellip;]","og_url":"https:\/\/www.lemounier.fr\/en\/privacy-policy\/","og_site_name":"Jean-Luc Le Mounier","article_publisher":"https:\/\/www.facebook.com\/profile.php?id=100001849782972","article_modified_time":"2023-05-19T12:36:33+00:00","og_image":[{"width":1760,"height":750,"url":"https:\/\/www.lemounier.fr\/wp-content\/uploads\/2016\/07\/jean-luc-le-mounier-slider-04.jpg","type":"image\/jpeg"}],"twitter_card":"summary_large_image","twitter_misc":{"Est. reading time":"4 minutes"},"schema":{"@context":"https:\/\/schema.org","@graph":[{"@type":"WebPage","@id":"https:\/\/www.lemounier.fr\/en\/privacy-policy\/","url":"https:\/\/www.lemounier.fr\/en\/privacy-policy\/","name":"Privacy Policy - Jean-Luc Le Mounier","isPartOf":{"@id":"https:\/\/www.lemounier.fr\/en\/#website"},"datePublished":"2023-04-04T15:38:54+00:00","dateModified":"2023-05-19T12:36:33+00:00","breadcrumb":{"@id":"https:\/\/www.lemounier.fr\/en\/privacy-policy\/#breadcrumb"},"inLanguage":"en-US","potentialAction":[{"@type":"ReadAction","target":["https:\/\/www.lemounier.fr\/en\/privacy-policy\/"]}]},{"@type":"BreadcrumbList","@id":"https:\/\/www.lemounier.fr\/en\/privacy-policy\/#breadcrumb","itemListElement":[{"@type":"ListItem","position":1,"name":"Home","item":"https:\/\/www.lemounier.fr\/en\/"},{"@type":"ListItem","position":2,"name":"Privacy Policy"}]},{"@type":"WebSite","@id":"https:\/\/www.lemounier.fr\/en\/#website","url":"https:\/\/www.lemounier.fr\/en\/","name":"Jean-Luc Le Mounier","description":"Jean-Luc Le Mounier : cr\u00e9ateur de mobilier contemporain.","publisher":{"@id":"https:\/\/www.lemounier.fr\/en\/#organization"},"potentialAction":[{"@type":"SearchAction","target":{"@type":"EntryPoint","urlTemplate":"https:\/\/www.lemounier.fr\/en\/?s={search_term_string}"},"query-input":{"@type":"PropertyValueSpecification","valueRequired":true,"valueName":"search_term_string"}}],"inLanguage":"en-US"},{"@type":"Organization","@id":"https:\/\/www.lemounier.fr\/en\/#organization","name":"Jean-Luc Le Mounier","url":"https:\/\/www.lemounier.fr\/en\/","logo":{"@type":"ImageObject","inLanguage":"en-US","@id":"https:\/\/www.lemounier.fr\/en\/#\/schema\/logo\/image\/","url":"https:\/\/www.lemounier.fr\/wp-content\/uploads\/2023\/03\/logo-jl-le-mounier.svg","contentUrl":"https:\/\/www.lemounier.fr\/wp-content\/uploads\/2023\/03\/logo-jl-le-mounier.svg","width":138,"height":50,"caption":"Jean-Luc Le Mounier"},"image":{"@id":"https:\/\/www.lemounier.fr\/en\/#\/schema\/logo\/image\/"},"sameAs":["https:\/\/www.facebook.com\/profile.php?id=100001849782972","https:\/\/www.instagram.com\/jean_luc_le_mounier\/"]}]}},"_links":{"self":[{"href":"https:\/\/www.lemounier.fr\/en\/wp-json\/wp\/v2\/pages\/6369","targetHints":{"allow":["GET"]}}],"collection":[{"href":"https:\/\/www.lemounier.fr\/en\/wp-json\/wp\/v2\/pages"}],"about":[{"href":"https:\/\/www.lemounier.fr\/en\/wp-json\/wp\/v2\/types\/page"}],"author":[{"embeddable":true,"href":"https:\/\/www.lemounier.fr\/en\/wp-json\/wp\/v2\/users\/1"}],"replies":[{"embeddable":true,"href":"https:\/\/www.lemounier.fr\/en\/wp-json\/wp\/v2\/comments?post=6369"}],"version-history":[{"count":1,"href":"https:\/\/www.lemounier.fr\/en\/wp-json\/wp\/v2\/pages\/6369\/revisions"}],"predecessor-version":[{"id":6445,"href":"https:\/\/www.lemounier.fr\/en\/wp-json\/wp\/v2\/pages\/6369\/revisions\/6445"}],"wp:attachment":[{"href":"https:\/\/www.lemounier.fr\/en\/wp-json\/wp\/v2\/media?parent=6369"}],"curies":[{"name":"wp","href":"https:\/\/api.w.org\/{rel}","templated":true}]}}