{"id":6370,"date":"2023-04-04T17:38:23","date_gmt":"2023-04-04T15:38:23","guid":{"rendered":"https:\/\/lm23.acantic.net\/mentions-legales\/"},"modified":"2023-05-19T14:34:27","modified_gmt":"2023-05-19T12:34:27","slug":"legal-notices","status":"publish","type":"page","link":"https:\/\/www.lemounier.fr\/en\/legal-notices\/","title":{"rendered":"Legal notices"},"content":{"rendered":"\n<div class=\"wp-block-columns is-layout-flex wp-container-core-columns-is-layout-9d6595d7 wp-block-columns-is-layout-flex\">\n<div class=\"wp-block-column is-layout-flow wp-block-column-is-layout-flow\" style=\"flex-basis:20%\"><\/div>\n\n\n\n<div class=\"wp-block-column is-layout-flow wp-block-column-is-layout-flow\" style=\"flex-basis:60%\">\n<h2 class=\"wp-block-heading\"><strong>\u00c9dition du site internet<\/strong><\/h2>\n\n\n\n<p><strong>Jean-Luc LE MOUNIER<br><\/strong>Siret : 52929832500018<\/p>\n\n\n\n<p><strong>Si\u00e8ge Social<\/strong><\/p>\n\n\n\n<p>Parc d&#8217;Activit\u00e9 La Grignardais<br>22490 Pleslin-Trigavou<br><a href=\"tel:%20+33%2002%2096%2027%2082%2082\">+33 02 96 27 82 82<\/a><\/p>\n\n\n\n<h3 class=\"wp-block-heading\"><strong>Direction de la publication<\/strong><\/h3>\n\n\n\n<p>Monsieur Jean-Luc LE MOUNIER<strong><\/strong><\/p>\n\n\n\n<h3 class=\"wp-block-heading\"><strong>Cr\u00e9ation et maintenance<\/strong><\/h3>\n\n\n\n<p><a href=\"https:\/\/www.acantic.com\" target=\"_blank\" rel=\"noreferrer noopener\">Acantic<\/a><br>5\/7 rue houvenagle \u2013 22000 Saint-Brieuc 02 96 77 28 03<\/p>\n\n\n\n<h3 class=\"wp-block-heading\"><strong>Cr\u00e9dits photos<\/strong><\/h3>\n\n\n\n<p><a href=\"https:\/\/www.pascalleopold.com\" target=\"_blank\" rel=\"noreferrer noopener\">Pascal L\u00c9OPOLD<\/a> &#8211; DR<\/p>\n\n\n\n<h3 class=\"wp-block-heading\"><strong>H\u00e9bergement<\/strong><\/h3>\n\n\n\n<p>OVH<br>2, rue Kellermann 59100 Roubaix<\/p>\n\n\n\n<h3 class=\"wp-block-heading\"><strong>Respect de la vie priv\u00e9e<\/strong><\/h3>\n\n\n\n<p>Consultez notre politique de confidentialit\u00e9 en&nbsp;<strong><a href=\"https:\/\/www.lemounier.fr\/en\/privacy-policy\/\">cliquant ici<\/a><\/strong>.<\/p>\n\n\n\n<h3 class=\"wp-block-heading\"><strong>Illustrations, photographies, contenu r\u00e9dactionnel<\/strong><\/h3>\n\n\n\n<p>Les photographies, illustrations et contenu r\u00e9dactionnel utilis\u00e9s sur ce site internet sont la propri\u00e9t\u00e9 de Jean-Luc LE MOUNIER. Vous n\u2019\u00eates donc pas autoris\u00e9s \u00e0 en utiliser le contenu sous quelque forme que ce soit, sans un accord pr\u00e9alable de son propri\u00e9taire.<strong><\/strong><\/p>\n\n\n\n<h3 class=\"wp-block-heading\"><strong>Responsabilit\u00e9<\/strong><\/h3>\n\n\n\n<p>Les sites reli\u00e9s directement ou indirectement au pr\u00e9sent site de Jean-Luc LE MOUNIER, ne sont pas sous leur&nbsp;contr\u00f4le. En cons\u00e9quence, Jean-Luc LE MOUNIER d\u00e9cline toute responsabilit\u00e9 quant aux informations publi\u00e9es sur ces sites. Le contenu des sites li\u00e9s au pr\u00e9sent site de Jean-Luc LE MOUNIER n\u2019engage que leurs propri\u00e9taires.<\/p>\n\n\n\n<h3 class=\"wp-block-heading\"><strong>Contact<\/strong><\/h3>\n\n\n\n<p>Ecrire \u00e0 l\u2019administrateur :&nbsp;<a href=\"mailto:contact@lemounier.fr\">contact@lemounier.fr<\/a><\/p>\n<\/div>\n\n\n\n<div class=\"wp-block-column is-layout-flow wp-block-column-is-layout-flow\" style=\"flex-basis:20%\"><\/div>\n<\/div>\n","protected":false},"excerpt":{"rendered":"<p>\u00c9dition du site internet Jean-Luc LE MOUNIERSiret : 52929832500018 Si\u00e8ge Social Parc d&#8217;Activit\u00e9 La Grignardais22490 Pleslin-Trigavou+33 02 96 27 82 82 Direction de la publication Monsieur Jean-Luc LE MOUNIER Cr\u00e9ation et maintenance Acantic5\/7 rue houvenagle \u2013 22000 Saint-Brieuc 02 96 77 28 03 Cr\u00e9dits photos [&hellip;]<\/p>\n","protected":false},"author":1,"featured_media":0,"parent":0,"menu_order":0,"comment_status":"closed","ping_status":"closed","template":"","meta":{"inline_featured_image":false,"footnotes":"","_links_to":"","_links_to_target":""},"class_list":["post-6370","page","type-page","status-publish","hentry"],"yoast_head":"<!-- This site is optimized with the Yoast SEO plugin v27.5 - https:\/\/yoast.com\/product\/yoast-seo-wordpress\/ -->\n<title>Legal notices - Jean-Luc Le Mounier<\/title>\n<meta name=\"robots\" content=\"index, follow, max-snippet:-1, max-image-preview:large, max-video-preview:-1\" \/>\n<link rel=\"canonical\" href=\"https:\/\/www.lemounier.fr\/en\/legal-notices\/\" \/>\n<meta property=\"og:locale\" content=\"en_US\" \/>\n<meta property=\"og:type\" content=\"article\" \/>\n<meta property=\"og:title\" content=\"Legal notices - Jean-Luc Le Mounier\" \/>\n<meta property=\"og:description\" content=\"\u00c9dition du site internet Jean-Luc LE MOUNIERSiret : 52929832500018 Si\u00e8ge Social Parc d&#8217;Activit\u00e9 La Grignardais22490 Pleslin-Trigavou+33 02 96 27 82 82 Direction de la publication Monsieur Jean-Luc LE MOUNIER Cr\u00e9ation et maintenance Acantic5\/7 rue houvenagle \u2013 22000 Saint-Brieuc 02 96 77 28 03 Cr\u00e9dits photos [&hellip;]\" \/>\n<meta property=\"og:url\" content=\"https:\/\/www.lemounier.fr\/en\/legal-notices\/\" \/>\n<meta property=\"og:site_name\" content=\"Jean-Luc Le Mounier\" \/>\n<meta property=\"article:publisher\" content=\"https:\/\/www.facebook.com\/profile.php?id=100001849782972\" \/>\n<meta property=\"article:modified_time\" content=\"2023-05-19T12:34:27+00:00\" \/>\n<meta property=\"og:image\" content=\"https:\/\/www.lemounier.fr\/wp-content\/uploads\/2016\/07\/jean-luc-le-mounier-slider-04.jpg\" \/>\n\t<meta property=\"og:image:width\" content=\"1760\" \/>\n\t<meta property=\"og:image:height\" content=\"750\" \/>\n\t<meta property=\"og:image:type\" content=\"image\/jpeg\" \/>\n<meta name=\"twitter:card\" content=\"summary_large_image\" \/>\n<meta name=\"twitter:label1\" content=\"Est. reading time\" \/>\n\t<meta name=\"twitter:data1\" content=\"1 minute\" \/>\n<script type=\"application\/ld+json\" class=\"yoast-schema-graph\">{\"@context\":\"https:\\\/\\\/schema.org\",\"@graph\":[{\"@type\":\"WebPage\",\"@id\":\"https:\\\/\\\/www.lemounier.fr\\\/en\\\/legal-notices\\\/\",\"url\":\"https:\\\/\\\/www.lemounier.fr\\\/en\\\/legal-notices\\\/\",\"name\":\"Legal notices - Jean-Luc Le Mounier\",\"isPartOf\":{\"@id\":\"https:\\\/\\\/www.lemounier.fr\\\/en\\\/#website\"},\"datePublished\":\"2023-04-04T15:38:23+00:00\",\"dateModified\":\"2023-05-19T12:34:27+00:00\",\"breadcrumb\":{\"@id\":\"https:\\\/\\\/www.lemounier.fr\\\/en\\\/legal-notices\\\/#breadcrumb\"},\"inLanguage\":\"en-US\",\"potentialAction\":[{\"@type\":\"ReadAction\",\"target\":[\"https:\\\/\\\/www.lemounier.fr\\\/en\\\/legal-notices\\\/\"]}]},{\"@type\":\"BreadcrumbList\",\"@id\":\"https:\\\/\\\/www.lemounier.fr\\\/en\\\/legal-notices\\\/#breadcrumb\",\"itemListElement\":[{\"@type\":\"ListItem\",\"position\":1,\"name\":\"Home\",\"item\":\"https:\\\/\\\/www.lemounier.fr\\\/en\\\/\"},{\"@type\":\"ListItem\",\"position\":2,\"name\":\"Legal notices\"}]},{\"@type\":\"WebSite\",\"@id\":\"https:\\\/\\\/www.lemounier.fr\\\/en\\\/#website\",\"url\":\"https:\\\/\\\/www.lemounier.fr\\\/en\\\/\",\"name\":\"Jean-Luc Le Mounier\",\"description\":\"Jean-Luc Le Mounier : cr\u00e9ateur de mobilier contemporain.\",\"publisher\":{\"@id\":\"https:\\\/\\\/www.lemounier.fr\\\/en\\\/#organization\"},\"potentialAction\":[{\"@type\":\"SearchAction\",\"target\":{\"@type\":\"EntryPoint\",\"urlTemplate\":\"https:\\\/\\\/www.lemounier.fr\\\/en\\\/?s={search_term_string}\"},\"query-input\":{\"@type\":\"PropertyValueSpecification\",\"valueRequired\":true,\"valueName\":\"search_term_string\"}}],\"inLanguage\":\"en-US\"},{\"@type\":\"Organization\",\"@id\":\"https:\\\/\\\/www.lemounier.fr\\\/en\\\/#organization\",\"name\":\"Jean-Luc Le Mounier\",\"url\":\"https:\\\/\\\/www.lemounier.fr\\\/en\\\/\",\"logo\":{\"@type\":\"ImageObject\",\"inLanguage\":\"en-US\",\"@id\":\"https:\\\/\\\/www.lemounier.fr\\\/en\\\/#\\\/schema\\\/logo\\\/image\\\/\",\"url\":\"https:\\\/\\\/www.lemounier.fr\\\/wp-content\\\/uploads\\\/2023\\\/03\\\/logo-jl-le-mounier.svg\",\"contentUrl\":\"https:\\\/\\\/www.lemounier.fr\\\/wp-content\\\/uploads\\\/2023\\\/03\\\/logo-jl-le-mounier.svg\",\"width\":138,\"height\":50,\"caption\":\"Jean-Luc Le Mounier\"},\"image\":{\"@id\":\"https:\\\/\\\/www.lemounier.fr\\\/en\\\/#\\\/schema\\\/logo\\\/image\\\/\"},\"sameAs\":[\"https:\\\/\\\/www.facebook.com\\\/profile.php?id=100001849782972\",\"https:\\\/\\\/www.instagram.com\\\/jean_luc_le_mounier\\\/\"]}]}<\/script>\n<!-- \/ Yoast SEO plugin. -->","yoast_head_json":{"title":"Legal notices - Jean-Luc Le Mounier","robots":{"index":"index","follow":"follow","max-snippet":"max-snippet:-1","max-image-preview":"max-image-preview:large","max-video-preview":"max-video-preview:-1"},"canonical":"https:\/\/www.lemounier.fr\/en\/legal-notices\/","og_locale":"en_US","og_type":"article","og_title":"Legal notices - Jean-Luc Le Mounier","og_description":"\u00c9dition du site internet Jean-Luc LE MOUNIERSiret : 52929832500018 Si\u00e8ge Social Parc d&#8217;Activit\u00e9 La Grignardais22490 Pleslin-Trigavou+33 02 96 27 82 82 Direction de la publication Monsieur Jean-Luc LE MOUNIER Cr\u00e9ation et maintenance Acantic5\/7 rue houvenagle \u2013 22000 Saint-Brieuc 02 96 77 28 03 Cr\u00e9dits photos [&hellip;]","og_url":"https:\/\/www.lemounier.fr\/en\/legal-notices\/","og_site_name":"Jean-Luc Le Mounier","article_publisher":"https:\/\/www.facebook.com\/profile.php?id=100001849782972","article_modified_time":"2023-05-19T12:34:27+00:00","og_image":[{"width":1760,"height":750,"url":"https:\/\/www.lemounier.fr\/wp-content\/uploads\/2016\/07\/jean-luc-le-mounier-slider-04.jpg","type":"image\/jpeg"}],"twitter_card":"summary_large_image","twitter_misc":{"Est. reading time":"1 minute"},"schema":{"@context":"https:\/\/schema.org","@graph":[{"@type":"WebPage","@id":"https:\/\/www.lemounier.fr\/en\/legal-notices\/","url":"https:\/\/www.lemounier.fr\/en\/legal-notices\/","name":"Legal notices - Jean-Luc Le Mounier","isPartOf":{"@id":"https:\/\/www.lemounier.fr\/en\/#website"},"datePublished":"2023-04-04T15:38:23+00:00","dateModified":"2023-05-19T12:34:27+00:00","breadcrumb":{"@id":"https:\/\/www.lemounier.fr\/en\/legal-notices\/#breadcrumb"},"inLanguage":"en-US","potentialAction":[{"@type":"ReadAction","target":["https:\/\/www.lemounier.fr\/en\/legal-notices\/"]}]},{"@type":"BreadcrumbList","@id":"https:\/\/www.lemounier.fr\/en\/legal-notices\/#breadcrumb","itemListElement":[{"@type":"ListItem","position":1,"name":"Home","item":"https:\/\/www.lemounier.fr\/en\/"},{"@type":"ListItem","position":2,"name":"Legal notices"}]},{"@type":"WebSite","@id":"https:\/\/www.lemounier.fr\/en\/#website","url":"https:\/\/www.lemounier.fr\/en\/","name":"Jean-Luc Le Mounier","description":"Jean-Luc Le Mounier : cr\u00e9ateur de mobilier contemporain.","publisher":{"@id":"https:\/\/www.lemounier.fr\/en\/#organization"},"potentialAction":[{"@type":"SearchAction","target":{"@type":"EntryPoint","urlTemplate":"https:\/\/www.lemounier.fr\/en\/?s={search_term_string}"},"query-input":{"@type":"PropertyValueSpecification","valueRequired":true,"valueName":"search_term_string"}}],"inLanguage":"en-US"},{"@type":"Organization","@id":"https:\/\/www.lemounier.fr\/en\/#organization","name":"Jean-Luc Le Mounier","url":"https:\/\/www.lemounier.fr\/en\/","logo":{"@type":"ImageObject","inLanguage":"en-US","@id":"https:\/\/www.lemounier.fr\/en\/#\/schema\/logo\/image\/","url":"https:\/\/www.lemounier.fr\/wp-content\/uploads\/2023\/03\/logo-jl-le-mounier.svg","contentUrl":"https:\/\/www.lemounier.fr\/wp-content\/uploads\/2023\/03\/logo-jl-le-mounier.svg","width":138,"height":50,"caption":"Jean-Luc Le Mounier"},"image":{"@id":"https:\/\/www.lemounier.fr\/en\/#\/schema\/logo\/image\/"},"sameAs":["https:\/\/www.facebook.com\/profile.php?id=100001849782972","https:\/\/www.instagram.com\/jean_luc_le_mounier\/"]}]}},"_links":{"self":[{"href":"https:\/\/www.lemounier.fr\/en\/wp-json\/wp\/v2\/pages\/6370","targetHints":{"allow":["GET"]}}],"collection":[{"href":"https:\/\/www.lemounier.fr\/en\/wp-json\/wp\/v2\/pages"}],"about":[{"href":"https:\/\/www.lemounier.fr\/en\/wp-json\/wp\/v2\/types\/page"}],"author":[{"embeddable":true,"href":"https:\/\/www.lemounier.fr\/en\/wp-json\/wp\/v2\/users\/1"}],"replies":[{"embeddable":true,"href":"https:\/\/www.lemounier.fr\/en\/wp-json\/wp\/v2\/comments?post=6370"}],"version-history":[{"count":1,"href":"https:\/\/www.lemounier.fr\/en\/wp-json\/wp\/v2\/pages\/6370\/revisions"}],"predecessor-version":[{"id":6443,"href":"https:\/\/www.lemounier.fr\/en\/wp-json\/wp\/v2\/pages\/6370\/revisions\/6443"}],"wp:attachment":[{"href":"https:\/\/www.lemounier.fr\/en\/wp-json\/wp\/v2\/media?parent=6370"}],"curies":[{"name":"wp","href":"https:\/\/api.w.org\/{rel}","templated":true}]}}